{"id":35847,"date":"2026-03-25T14:58:03","date_gmt":"2026-03-25T22:58:03","guid":{"rendered":"https:\/\/calvaryplayas.com\/?page_id=35847"},"modified":"2026-03-25T15:17:48","modified_gmt":"2026-03-25T23:17:48","slug":"planeas-visitar","status":"publish","type":"page","link":"https:\/\/calvaryplayas.com\/es\/planeas-visitar\/","title":{"rendered":"\u00bfPlaneas Visitar?"},"content":{"rendered":"<div class=\"wp-block-group alignfull has-base-2-background-color has-background has-global-padding is-layout-constrained wp-container-core-group-is-layout-669513ed wp-block-group-is-layout-constrained\" style=\"margin-top:0;margin-bottom:0;padding-top:var(--wp--preset--spacing--50);padding-right:var(--wp--preset--spacing--50);padding-bottom:var(--wp--preset--spacing--50);padding-left:var(--wp--preset--spacing--50)\">\n<div class=\"wp-block-group is-vertical is-content-justification-center is-layout-flex wp-container-core-group-is-layout-52b864f0 wp-block-group-is-layout-flex\">\n<h2 class=\"wp-block-heading has-text-align-center is-style-asterisk\">\u00bfQu\u00e9 puedo esperar?<\/h2>\n\n\n\n<div style=\"height:0px\" aria-hidden=\"true\" class=\"wp-block-spacer wp-container-content-4f2ccadb\"><\/div>\n\n\n\n<p class=\"has-text-align-center\">Esperamos que te sientas en casa. la predicacion es bilingue y de manera expositoria, ense\u00f1amos verso a verso, capitulo a capitulo a trav\u00e9s<\/p>\n\n\n\n<p class=\"has-text-align-center\"> de libros completos de la Biblia.<\/p>\n<\/div>\n\n\n\n<div style=\"margin-top:0;margin-bottom:0;height:var(--wp--preset--spacing--40)\" aria-hidden=\"true\" class=\"wp-block-spacer\"><\/div>\n\n\n\n<div class=\"wp-block-columns alignwide is-layout-flex wp-container-core-columns-is-layout-d0bbbce0 wp-block-columns-is-layout-flex\">\n<div class=\"wp-block-column is-layout-flow wp-container-core-column-is-layout-e3d1c41b wp-block-column-is-layout-flow\">\n<h3 class=\"wp-block-heading has-text-align-left is-style-asterisk has-body-font-family has-medium-font-size\" style=\"font-style:normal;font-weight:600\">\u00bfQue canciones cantamos?<\/h3>\n\n\n\n<p class=\"has-text-align-left\">La meta de nuestas canciones es adorar a Dios a trav\u00e9s de nuestra alabanza congregacional, adorar el nombre del Se\u00f1or un\u00e1nimes. Sientete Libre de sentarte, ponerte de pie, o arrodillarte mientas alabas a Dios en Esp\u00edritu y en Verdad. <\/p>\n<\/div>\n\n\n\n<div class=\"wp-block-column is-layout-flow wp-container-core-column-is-layout-e3d1c41b wp-block-column-is-layout-flow\">\n<h3 class=\"wp-block-heading has-text-align-left is-style-asterisk has-body-font-family has-medium-font-size\" style=\"font-style:normal;font-weight:600\">\u00bfQu\u00e9 hay de mis hijos?<\/h3>\n\n\n\n<p class=\"has-text-align-left\">Contamos con escuela dominical en nuestros servicios del Mi\u00e9rcoles 6:30pm y en nuestro segundo servicio de Domingo 11:00am, en los cuales seran ense\u00f1ados las verdades B\u00edblicas de acorde a su edad. Cabe destacar que no contamos con escuela dominical en nuestro primer servicio a las 9:00am<\/p>\n<\/div>\n\n\n\n<div class=\"wp-block-column is-layout-flow wp-container-core-column-is-layout-e3d1c41b wp-block-column-is-layout-flow\">\n<h3 class=\"wp-block-heading has-text-align-left is-style-asterisk has-body-font-family has-medium-font-size\" style=\"font-style:normal;font-weight:600\">\u00bfCuentan con estacionamiento?<\/h3>\n\n\n\n<p class=\"has-text-align-left\">La iglesia esta localizada en una plaza por lo que hay lugar donde estacionarse.<\/p>\n<\/div>\n<\/div>\n\n\n\n<div style=\"height:var(--wp--preset--spacing--20)\" aria-hidden=\"true\" class=\"wp-block-spacer\"><\/div>\n\n\n\n<div class=\"wp-block-columns alignwide is-layout-flex wp-container-core-columns-is-layout-d0bbbce0 wp-block-columns-is-layout-flex\">\n<div class=\"wp-block-column is-layout-flow wp-container-core-column-is-layout-e3d1c41b wp-block-column-is-layout-flow\">\n<h3 class=\"wp-block-heading has-text-align-left is-style-asterisk has-body-font-family has-medium-font-size\" style=\"font-style:normal;font-weight:600\">\u00bfCu\u00e1l es el c\u00f3digo de vestimenta?<\/h3>\n\n\n\n<p class=\"has-text-align-left\">No tenemos C\u00f3digo de vestimenta, pero no queremos que te sientas fuera de lugar; veras a nuestra iglesia atender con mezclilla, camisas polo, y ocasionalmente vestimenta formal.<\/p>\n<\/div>\n\n\n\n<div class=\"wp-block-column is-layout-flow wp-container-core-column-is-layout-e3d1c41b wp-block-column-is-layout-flow\">\n<h3 class=\"wp-block-heading has-text-align-left is-style-asterisk has-body-font-family has-medium-font-size\" style=\"font-style:normal;font-weight:600\">\u00bfC\u00f3mo puedo conectar?<\/h3>\n\n\n\n<p class=\"has-text-align-left\"><strong>Vis\u00edtanos<\/strong>. Encontraras que nuestros hermanos son muy hospitalarios, con el simple hecho de venir podr\u00e1s conectar con alguien.<\/p>\n\n\n\n<p><strong>Descarga nuestra app. <\/strong>En el boletin informativo de nuestra iglesia y en el men\u00fa principal de la pagina web podr\u00e1s encontrar el enlace para descargarlo.<\/p>\n<\/div>\n<\/div>\n<\/div>\n\n\n\n<div class=\"wp-block-group alignfull has-base-color has-contrast-background-color has-text-color has-background has-global-padding is-layout-constrained wp-container-core-group-is-layout-ef3d885c wp-block-group-is-layout-constrained\" style=\"margin-top:0;margin-bottom:0;padding-top:var(--wp--preset--spacing--60);padding-right:var(--wp--preset--spacing--60);padding-bottom:var(--wp--preset--spacing--60);padding-left:var(--wp--preset--spacing--60)\">\n<div class=\"wp-block-group has-global-padding is-layout-constrained wp-block-group-is-layout-constrained\">\n<p class=\"has-text-align-center has-base-color has-text-color has-heading-font-family has-x-large-font-size\" style=\"line-height:1.2\"><em>CONOCE A NUESTROS PASTORES Y ANCIANOS<\/em><\/p>\n\n\n\n<div style=\"height:var(--wp--preset--spacing--10)\" aria-hidden=\"true\" class=\"wp-block-spacer\"><\/div>\n\n\n\n<div class=\"wp-block-columns is-layout-flex wp-container-core-columns-is-layout-28f84493 wp-block-columns-is-layout-flex\">\n<div class=\"wp-block-column is-layout-flow wp-block-column-is-layout-flow\">\n<div class=\"wp-block-group is-vertical is-content-justification-center is-layout-flex wp-container-core-group-is-layout-ce155fab wp-block-group-is-layout-flex\">\n<figure class=\"wp-block-image aligncenter size-full is-resized has-custom-border is-style-default wp-duotone-unset-1\" style=\"margin-right:var(--wp--preset--spacing--10);margin-left:var(--wp--preset--spacing--10)\"><img loading=\"lazy\" decoding=\"async\" width=\"316\" height=\"316\" src=\"https:\/\/calvaryplayas.com\/wp-content\/uploads\/andrew-sandra.jpg\" alt=\"\" class=\"wp-image-96\" style=\"border-radius:100px;aspect-ratio:3\/4;object-fit:cover;width:60px\" srcset=\"https:\/\/calvaryplayas.com\/wp-content\/uploads\/andrew-sandra.jpg 316w, https:\/\/calvaryplayas.com\/wp-content\/uploads\/andrew-sandra-300x300.jpg 300w, https:\/\/calvaryplayas.com\/wp-content\/uploads\/andrew-sandra-150x150.jpg 150w, https:\/\/calvaryplayas.com\/wp-content\/uploads\/andrew-sandra-75x75.jpg 75w\" sizes=\"auto, (max-width: 316px) 100vw, 316px\" \/><\/figure>\n\n\n\n<p class=\"has-small-font-size\">Pastor Principal<\/p>\n\n\n\n<p class=\"has-small-font-size\">Andrew Fruin<\/p>\n<\/div>\n<\/div>\n\n\n\n<div class=\"wp-block-column is-layout-flow wp-block-column-is-layout-flow\">\n<div class=\"wp-block-group is-vertical is-content-justification-center is-layout-flex wp-container-core-group-is-layout-ce155fab wp-block-group-is-layout-flex\">\n<figure class=\"wp-block-image aligncenter size-full is-resized has-custom-border wp-duotone-unset-2\" style=\"margin-right:var(--wp--preset--spacing--20);margin-left:var(--wp--preset--spacing--20)\"><img loading=\"lazy\" decoding=\"async\" width=\"444\" height=\"444\" src=\"https:\/\/calvaryplayas.com\/wp-content\/uploads\/vincepastor.jpg\" alt=\"\" class=\"wp-image-35228\" style=\"border-radius:100px;aspect-ratio:3\/4;object-fit:cover;width:60px\" srcset=\"https:\/\/calvaryplayas.com\/wp-content\/uploads\/vincepastor.jpg 444w, https:\/\/calvaryplayas.com\/wp-content\/uploads\/vincepastor-300x300.jpg 300w, https:\/\/calvaryplayas.com\/wp-content\/uploads\/vincepastor-150x150.jpg 150w, https:\/\/calvaryplayas.com\/wp-content\/uploads\/vincepastor-75x75.jpg 75w\" sizes=\"auto, (max-width: 444px) 100vw, 444px\" \/><\/figure>\n\n\n\n<p class=\"has-text-align-center has-small-font-size\">Pastor Asistente<\/p>\n\n\n\n<p class=\"has-text-align-center has-small-font-size\">Vicente Valencia<\/p>\n<\/div>\n<\/div>\n\n\n\n<div class=\"wp-block-column is-layout-flow wp-block-column-is-layout-flow\">\n<div class=\"wp-block-group is-vertical is-content-justification-center is-layout-flex wp-container-core-group-is-layout-ce155fab wp-block-group-is-layout-flex\">\n<figure class=\"wp-block-image aligncenter size-full is-resized has-custom-border wp-duotone-unset-3\" style=\"margin-right:var(--wp--preset--spacing--20);margin-left:var(--wp--preset--spacing--20)\"><img loading=\"lazy\" decoding=\"async\" width=\"472\" height=\"472\" src=\"https:\/\/calvaryplayas.com\/wp-content\/uploads\/victorelder.jpg\" alt=\"\" class=\"wp-image-35227\" style=\"border-radius:100px;aspect-ratio:3\/4;object-fit:cover;width:60px\" srcset=\"https:\/\/calvaryplayas.com\/wp-content\/uploads\/victorelder.jpg 472w, https:\/\/calvaryplayas.com\/wp-content\/uploads\/victorelder-300x300.jpg 300w, https:\/\/calvaryplayas.com\/wp-content\/uploads\/victorelder-150x150.jpg 150w, https:\/\/calvaryplayas.com\/wp-content\/uploads\/victorelder-75x75.jpg 75w\" sizes=\"auto, (max-width: 472px) 100vw, 472px\" \/><\/figure>\n\n\n\n<p class=\"has-text-align-center has-small-font-size\">Pastor Asistente<\/p>\n\n\n\n<p class=\"has-text-align-center has-small-font-size\">Victor Mendoza<\/p>\n<\/div>\n<\/div>\n\n\n\n<div class=\"wp-block-column is-layout-flow wp-block-column-is-layout-flow\">\n<div class=\"wp-block-group is-vertical is-content-justification-center is-layout-flex wp-container-core-group-is-layout-ce155fab wp-block-group-is-layout-flex\">\n<figure class=\"wp-block-image aligncenter size-full is-resized has-custom-border wp-duotone-unset-4\" style=\"margin-right:var(--wp--preset--spacing--20);margin-left:var(--wp--preset--spacing--20)\"><img loading=\"lazy\" decoding=\"async\" width=\"1536\" height=\"1536\" src=\"https:\/\/calvaryplayas.com\/wp-content\/uploads\/LorenzoGabi_square.png\" alt=\"\" class=\"wp-image-35206\" style=\"border-radius:100px;aspect-ratio:3\/4;object-fit:cover;width:60px\" srcset=\"https:\/\/calvaryplayas.com\/wp-content\/uploads\/LorenzoGabi_square.png 1536w, https:\/\/calvaryplayas.com\/wp-content\/uploads\/LorenzoGabi_square-300x300.png 300w, https:\/\/calvaryplayas.com\/wp-content\/uploads\/LorenzoGabi_square-1024x1024.png 1024w, https:\/\/calvaryplayas.com\/wp-content\/uploads\/LorenzoGabi_square-150x150.png 150w, https:\/\/calvaryplayas.com\/wp-content\/uploads\/LorenzoGabi_square-768x768.png 768w, https:\/\/calvaryplayas.com\/wp-content\/uploads\/LorenzoGabi_square-75x75.png 75w\" sizes=\"auto, (max-width: 1536px) 100vw, 1536px\" \/><\/figure>\n\n\n\n<p class=\"has-text-align-center has-small-font-size\">Anciano<\/p>\n\n\n\n<p class=\"has-text-align-center has-small-font-size\">Lorenzo Godinez<\/p>\n<\/div>\n<\/div>\n\n\n\n<div class=\"wp-block-column is-layout-flow wp-block-column-is-layout-flow\">\n<div class=\"wp-block-group is-vertical is-content-justification-center is-layout-flex wp-container-core-group-is-layout-ce155fab wp-block-group-is-layout-flex\">\n<figure class=\"wp-block-image aligncenter size-full is-resized has-custom-border wp-duotone-unset-5\" style=\"margin-right:var(--wp--preset--spacing--20);margin-left:var(--wp--preset--spacing--20)\"><img loading=\"lazy\" decoding=\"async\" width=\"770\" height=\"770\" src=\"https:\/\/calvaryplayas.com\/wp-content\/uploads\/JesusLiz_Square.webp\" alt=\"\" class=\"wp-image-35209\" style=\"border-radius:100px;aspect-ratio:3\/4;object-fit:cover;width:60px\" srcset=\"https:\/\/calvaryplayas.com\/wp-content\/uploads\/JesusLiz_Square.webp 770w, https:\/\/calvaryplayas.com\/wp-content\/uploads\/JesusLiz_Square-300x300.webp 300w, https:\/\/calvaryplayas.com\/wp-content\/uploads\/JesusLiz_Square-150x150.webp 150w, https:\/\/calvaryplayas.com\/wp-content\/uploads\/JesusLiz_Square-768x768.webp 768w, https:\/\/calvaryplayas.com\/wp-content\/uploads\/JesusLiz_Square-75x75.webp 75w\" sizes=\"auto, (max-width: 770px) 100vw, 770px\" \/><\/figure>\n\n\n\n<p class=\"has-text-align-center has-small-font-size\">Anciano<\/p>\n\n\n\n<p class=\"has-text-align-right has-small-font-size\">      Jesus Diaz<\/p>\n<\/div>\n<\/div>\n<\/div>\n<\/div>\n<\/div>\n\n\n\n<div class=\"wp-block-group alignfull has-global-padding is-layout-constrained wp-container-core-group-is-layout-d89aad35 wp-block-group-is-layout-constrained\" style=\"margin-top:0;margin-bottom:0;padding-top:var(--wp--preset--spacing--50);padding-right:var(--wp--preset--spacing--50);padding-bottom:var(--wp--preset--spacing--50);padding-left:var(--wp--preset--spacing--50)\">\n<h2 class=\"wp-block-heading alignwide has-x-large-font-size\" style=\"margin-top:0;margin-bottom:var(--wp--preset--spacing--40);line-height:1\">Ministries<\/h2>\n\n\n\n<div class=\"wp-block-group alignwide has-global-padding is-layout-constrained wp-block-group-is-layout-constrained\">\n<div class=\"wp-block-group is-layout-grid wp-container-core-group-is-layout-2ddb03c5 wp-block-group-is-layout-grid\">\n<div class=\"wp-block-group wp-container-content-de41cd13 is-nowrap is-layout-flex wp-container-core-group-is-layout-6c531013 wp-block-group-is-layout-flex\">\n<figure class=\"wp-block-image size-thumbnail wp-duotone-unset-6\"><img loading=\"lazy\" decoding=\"async\" width=\"150\" height=\"150\" src=\"https:\/\/calvaryplayas.com\/wp-content\/uploads\/Playground-Joyful-Swinging-150x150.png\" alt=\"\" class=\"wp-image-35828\" style=\"aspect-ratio:1;object-fit:cover\"\/><\/figure>\n\n\n\n<p><a href=\"https:\/\/calvaryplayas.com\/es\/kids-ministry\/\" data-type=\"page\" data-id=\"35816\">Ministerio de ni\u00f1o <\/a><\/p>\n<\/div>\n\n\n\n<div class=\"wp-block-group wp-container-content-de41cd13 is-nowrap is-layout-flex wp-container-core-group-is-layout-6c531013 wp-block-group-is-layout-flex\">\n<figure class=\"wp-block-image size-thumbnail wp-duotone-unset-7\"><img loading=\"lazy\" decoding=\"async\" width=\"150\" height=\"150\" src=\"https:\/\/calvaryplayas.com\/wp-content\/uploads\/Joyful-Trio-in-Teal-and-Green-150x150.png\" alt=\"\" class=\"wp-image-35829\" style=\"object-fit:cover\"\/><\/figure>\n\n\n\n<p><a href=\"https:\/\/calvaryplayas.com\/es\/jovenes-youth\/\" data-type=\"page\" data-id=\"35820\">Ministerio  de J\u00f3venes<\/a><\/p>\n<\/div>\n\n\n\n<div class=\"wp-block-group wp-container-content-de41cd13 is-nowrap is-layout-flex wp-container-core-group-is-layout-6c531013 wp-block-group-is-layout-flex\">\n<figure class=\"wp-block-image size-thumbnail wp-duotone-unset-8\"><img loading=\"lazy\" decoding=\"async\" width=\"150\" height=\"150\" src=\"https:\/\/calvaryplayas.com\/wp-content\/uploads\/publicdomainpictures-bible-13644_1920-150x150.jpg\" alt=\"\" class=\"wp-image-35831\"\/><\/figure>\n\n\n\n<p><a href=\"https:\/\/calvaryplayas.com\/es\/ministerio-de-mujeres-womens-ministry\/\" data-type=\"page\" data-id=\"35861\">Ministerio de Mujeres<\/a><\/p>\n<\/div>\n\n\n\n<div class=\"wp-block-group is-nowrap is-layout-flex wp-container-core-group-is-layout-6c531013 wp-block-group-is-layout-flex\">\n<figure class=\"wp-block-image size-thumbnail wp-duotone-unset-9\"><img loading=\"lazy\" decoding=\"async\" width=\"150\" height=\"150\" src=\"https:\/\/calvaryplayas.com\/wp-content\/uploads\/congerdesign-bible-1216063_1920-150x150.jpg\" alt=\"\" class=\"wp-image-35830\"\/><\/figure>\n\n\n\n<p><a href=\"https:\/\/calvaryplayas.com\/es\/ministerio-de-hombres-mens-ministry\/\" data-type=\"page\" data-id=\"35864\">Ministerio de Hombres<\/a><\/p>\n<\/div>\n<\/div>\n<\/div>\n<\/div>","protected":false},"excerpt":{"rendered":"<p>\u00bfQu\u00e9 puedo esperar? Esperamos que te sientas en casa. la predicacion es bilingue y de manera expositoria, ense\u00f1amos verso a verso, capitulo a capitulo a trav\u00e9s de libros completos de la Biblia. \u00bfQue canciones cantamos? La meta de nuestas canciones es adorar a Dios a trav\u00e9s de nuestra alabanza congregacional, adorar el nombre del Se\u00f1or [&hellip;]<\/p>\n","protected":false},"author":1,"featured_media":0,"parent":0,"menu_order":0,"comment_status":"closed","ping_status":"closed","template":"","meta":{"footnotes":""},"class_list":["post-35847","page","type-page","status-publish","hentry"],"_links":{"self":[{"href":"https:\/\/calvaryplayas.com\/es\/wp-json\/wp\/v2\/pages\/35847","targetHints":{"allow":["GET"]}}],"collection":[{"href":"https:\/\/calvaryplayas.com\/es\/wp-json\/wp\/v2\/pages"}],"about":[{"href":"https:\/\/calvaryplayas.com\/es\/wp-json\/wp\/v2\/types\/page"}],"author":[{"embeddable":true,"href":"https:\/\/calvaryplayas.com\/es\/wp-json\/wp\/v2\/users\/1"}],"replies":[{"embeddable":true,"href":"https:\/\/calvaryplayas.com\/es\/wp-json\/wp\/v2\/comments?post=35847"}],"version-history":[{"count":4,"href":"https:\/\/calvaryplayas.com\/es\/wp-json\/wp\/v2\/pages\/35847\/revisions"}],"predecessor-version":[{"id":35868,"href":"https:\/\/calvaryplayas.com\/es\/wp-json\/wp\/v2\/pages\/35847\/revisions\/35868"}],"wp:attachment":[{"href":"https:\/\/calvaryplayas.com\/es\/wp-json\/wp\/v2\/media?parent=35847"}],"curies":[{"name":"wp","href":"https:\/\/api.w.org\/{rel}","templated":true}]}}